{"id":4047,"date":"2020-05-27T13:28:19","date_gmt":"2020-05-27T13:28:19","guid":{"rendered":"https:\/\/toudeh-insight.com\/?page_id=4047"},"modified":"2025-03-04T20:07:39","modified_gmt":"2025-03-04T20:07:39","slug":"actualites","status":"publish","type":"page","link":"https:\/\/toudeh-insight.com\/en\/actualites\/","title":{"rendered":"News"},"content":{"rendered":"<div data-elementor-type=\"wp-page\" data-elementor-id=\"4047\" class=\"elementor elementor-4047\" data-elementor-post-type=\"page\">\n\t\t\t\t<div class=\"elementor-element elementor-element-3172248 e-flex e-con-boxed sc_layouts_column_icons_position_left e-con e-parent\" data-id=\"3172248\" data-element_type=\"container\">\n\t\t\t\t\t<div class=\"e-con-inner\">\n\t\t<div class=\"elementor-element elementor-element-892c141 e-con-full e-flex sc_layouts_column_icons_position_left e-con e-child\" data-id=\"892c141\" data-element_type=\"container\">\n\t\t\t\t<div class=\"elementor-element elementor-element-3c03490 sc_height_large sc_fly_static elementor-widget elementor-widget-spacer\" data-id=\"3c03490\" data-element_type=\"widget\" data-widget_type=\"spacer.default\">\n\t\t\t\t<div class=\"elementor-widget-container\">\n\t\t\t\t\t\t\t<div class=\"elementor-spacer\">\n\t\t\t<div class=\"elementor-spacer-inner\"><\/div>\n\t\t<\/div>\n\t\t\t\t\t\t<\/div>\n\t\t\t\t<\/div>\n\t\t\t\t<div class=\"elementor-element elementor-element-55a9c3c sc_fly_static elementor-widget elementor-widget-trx_sc_title\" data-id=\"55a9c3c\" data-element_type=\"widget\" data-widget_type=\"trx_sc_title.default\">\n\t\t\t\t<div class=\"elementor-widget-container\">\n\t\t\t\t\t<div\t\tclass=\"sc_title sc_title_accent\" ><h1 class=\"sc_item_title sc_title_title sc_align_center sc_item_title_style_accent sc_item_title_tag\"\n\t\t\t><span class=\"sc_item_title_text\">News<\/span><\/h1><\/div>\t\t\t\t<\/div>\n\t\t\t\t<\/div>\n\t\t\t\t<div class=\"elementor-element elementor-element-930d4c1 elementor-grid-2 elementor-grid-tablet-2 elementor-grid-mobile-1 elementor-posts--thumbnail-top elementor-card-shadow-yes elementor-posts__hover-gradient sc_fly_static elementor-widget elementor-widget-posts\" data-id=\"930d4c1\" data-element_type=\"widget\" data-settings=\"{&quot;cards_columns&quot;:&quot;2&quot;,&quot;cards_columns_tablet&quot;:&quot;2&quot;,&quot;cards_columns_mobile&quot;:&quot;1&quot;,&quot;cards_row_gap&quot;:{&quot;unit&quot;:&quot;px&quot;,&quot;size&quot;:35,&quot;sizes&quot;:[]},&quot;cards_row_gap_tablet&quot;:{&quot;unit&quot;:&quot;px&quot;,&quot;size&quot;:&quot;&quot;,&quot;sizes&quot;:[]},&quot;cards_row_gap_mobile&quot;:{&quot;unit&quot;:&quot;px&quot;,&quot;size&quot;:&quot;&quot;,&quot;sizes&quot;:[]}}\" data-widget_type=\"posts.cards\">\n\t\t\t\t<div class=\"elementor-widget-container\">\n\t\t\t\t\t\t\t<div class=\"elementor-posts-container elementor-posts elementor-posts--skin-cards elementor-grid\">\n\t\t\t\t<article class=\"elementor-post elementor-grid-item post-21427 post type-post status-publish format-standard hentry category-uncategorized\">\n\t\t\t<div class=\"elementor-post__card\">\n\t\t\t\t<div class=\"elementor-post__text\">\n\t\t\t\t<h3 class=\"elementor-post__title\">\n\t\t\t<a href=\"https:\/\/toudeh-insight.com\/en\/clap-de-fin-sur-le-mois-de-lhistoire-des-noirs-2025\/\" >\n\t\t\t\tClap de fin sur le Mois de l\u2019Histoire des Noirs 2025 !\t\t\t<\/a>\n\t\t<\/h3>\n\t\t\t\t<div class=\"elementor-post__excerpt\">\n\t\t\t<p>Le Mois de l\u2019Histoire des Noirs 2025 s\u2019ach\u00e8ve, mais il laisse derri\u00e8re lui une s\u00e9rie de moments forts, de rencontres inspirantes et de pr\u00e9cieuses opportunit\u00e9s pour c\u00e9l\u00e9brer les talents, la<\/p>\n\t\t<\/div>\n\t\t\n\t\t<a class=\"elementor-post__read-more\" href=\"https:\/\/toudeh-insight.com\/en\/clap-de-fin-sur-le-mois-de-lhistoire-des-noirs-2025\/\" aria-label=\"Read more about Clap de fin sur le Mois de l\u2019Histoire des Noirs 2025 !\" tabindex=\"-1\" >\n\t\t\tLire plus \u00bb\t\t<\/a>\n\n\t\t\t\t<\/div>\n\t\t\t\t<div class=\"elementor-post__meta-data\">\n\t\t\t\t\t<span class=\"elementor-post-date\">\n\t\t\tMarch 4, 2025\t\t<\/span>\n\t\t\t\t<span class=\"elementor-post-avatar\">\n\t\t\tNo Comments\t\t<\/span>\n\t\t\t\t<\/div>\n\t\t\t\t\t<\/div>\n\t\t<\/article>\n\t\t\t\t<article class=\"elementor-post elementor-grid-item post-21347 post type-post status-publish format-standard hentry category-uncategorized\">\n\t\t\t<div class=\"elementor-post__card\">\n\t\t\t\t<div class=\"elementor-post__text\">\n\t\t\t\t<h3 class=\"elementor-post__title\">\n\t\t\t<a href=\"https:\/\/toudeh-insight.com\/en\/le-hockey-canadien-plus-quun-sport-une-fierte-qui-ma-enseigne-une-lecon-dentrepreneuriat\/\" >\n\t\t\t\tLe Hockey canadien : plus qu\u2019un sport, une fiert\u00e9 qui m\u2019a enseign\u00e9 une le\u00e7on d\u2019entrepreneuriat !\t\t\t<\/a>\n\t\t<\/h3>\n\t\t\t\t<div class=\"elementor-post__excerpt\">\n\t\t\t<p>Aimez-vous le hockey canadien ? Je vais \u00eatre honn\u00eate avec vous : jusqu\u2019\u00e0 samedi dernier, ce sport me laissait plut\u00f4t indiff\u00e9rent. Je ne comprenais ni les r\u00e8gles, ni cet amour<\/p>\n\t\t<\/div>\n\t\t\n\t\t<a class=\"elementor-post__read-more\" href=\"https:\/\/toudeh-insight.com\/en\/le-hockey-canadien-plus-quun-sport-une-fierte-qui-ma-enseigne-une-lecon-dentrepreneuriat\/\" aria-label=\"Read more about Le Hockey canadien : plus qu\u2019un sport, une fiert\u00e9 qui m\u2019a enseign\u00e9 une le\u00e7on d\u2019entrepreneuriat !\" tabindex=\"-1\" >\n\t\t\tLire plus \u00bb\t\t<\/a>\n\n\t\t\t\t<\/div>\n\t\t\t\t<div class=\"elementor-post__meta-data\">\n\t\t\t\t\t<span class=\"elementor-post-date\">\n\t\t\tMarch 3, 2025\t\t<\/span>\n\t\t\t\t<span class=\"elementor-post-avatar\">\n\t\t\tNo Comments\t\t<\/span>\n\t\t\t\t<\/div>\n\t\t\t\t\t<\/div>\n\t\t<\/article>\n\t\t\t\t<\/div>\n\t\t\n\t\t\t\t\t\t<\/div>\n\t\t\t\t<\/div>\n\t\t\t\t<\/div>\n\t\t\t\t\t<\/div>\n\t\t\t\t<\/div>\n\t\t\t\t<\/div>","protected":false},"excerpt":{"rendered":"<p>News<\/p>","protected":false},"author":1,"featured_media":0,"parent":0,"menu_order":0,"comment_status":"closed","ping_status":"closed","template":"","meta":{"footnotes":""},"class_list":["post-4047","page","type-page","status-publish","hentry"],"jetpack_sharing_enabled":true,"_links":{"self":[{"href":"https:\/\/toudeh-insight.com\/en\/wp-json\/wp\/v2\/pages\/4047","targetHints":{"allow":["GET"]}}],"collection":[{"href":"https:\/\/toudeh-insight.com\/en\/wp-json\/wp\/v2\/pages"}],"about":[{"href":"https:\/\/toudeh-insight.com\/en\/wp-json\/wp\/v2\/types\/page"}],"author":[{"embeddable":true,"href":"https:\/\/toudeh-insight.com\/en\/wp-json\/wp\/v2\/users\/1"}],"replies":[{"embeddable":true,"href":"https:\/\/toudeh-insight.com\/en\/wp-json\/wp\/v2\/comments?post=4047"}],"version-history":[{"count":10,"href":"https:\/\/toudeh-insight.com\/en\/wp-json\/wp\/v2\/pages\/4047\/revisions"}],"predecessor-version":[{"id":21433,"href":"https:\/\/toudeh-insight.com\/en\/wp-json\/wp\/v2\/pages\/4047\/revisions\/21433"}],"wp:attachment":[{"href":"https:\/\/toudeh-insight.com\/en\/wp-json\/wp\/v2\/media?parent=4047"}],"curies":[{"name":"wp","href":"https:\/\/api.w.org\/{rel}","templated":true}]}}