{"id":21525,"date":"2025-03-27T18:20:53","date_gmt":"2025-03-27T18:20:53","guid":{"rendered":"https:\/\/toudeh-insight.com\/?page_id=21525"},"modified":"2025-03-30T01:48:13","modified_gmt":"2025-03-30T01:48:13","slug":"paiement","status":"publish","type":"page","link":"https:\/\/toudeh-insight.com\/en\/paiement\/","title":{"rendered":"Pr\u00e9vente"},"content":{"rendered":"\t\t<div data-elementor-type=\"wp-page\" data-elementor-id=\"21525\" class=\"elementor elementor-21525\" data-elementor-post-type=\"page\">\n\t\t\t\t<div class=\"elementor-element elementor-element-d23b9f2 e-flex e-con-boxed sc_layouts_column_icons_position_left e-con e-parent\" data-id=\"d23b9f2\" data-element_type=\"container\">\n\t\t\t\t\t<div class=\"e-con-inner\">\n\t\t<div class=\"elementor-element elementor-element-710ae14 e-con-full e-flex sc_layouts_column_icons_position_left e-con e-child\" data-id=\"710ae14\" data-element_type=\"container\">\n\t\t\t\t<div class=\"elementor-element elementor-element-fca32f6 sc_fly_static elementor-widget elementor-widget-trx_sc_title\" data-id=\"fca32f6\" data-element_type=\"widget\" data-widget_type=\"trx_sc_title.default\">\n\t\t\t\t<div class=\"elementor-widget-container\">\n\t\t\t\t\t<div\t\tclass=\"sc_title sc_title_accent\" ><h1 class=\"sc_item_title sc_title_title sc_align_center sc_item_title_style_accent sc_item_title_tag\"\n\t\t\t><span class=\"sc_item_title_text\">Votre Argent, votre Temps, votre H\u00e9ritage<\/span><\/h1><\/div>\t\t\t\t<\/div>\n\t\t\t\t<\/div>\n\t\t\t\t<\/div>\n\t\t<div class=\"elementor-element elementor-element-60f5f5d e-con-full e-flex sc_layouts_column_icons_position_left e-con e-child\" data-id=\"60f5f5d\" data-element_type=\"container\">\n\t\t<div class=\"elementor-element elementor-element-c5ce3e3 e-con-full e-flex sc_layouts_column_icons_position_left e-con e-child\" data-id=\"c5ce3e3\" data-element_type=\"container\">\n\t\t\t\t<div class=\"elementor-element elementor-element-67b5329 sc_fly_static elementor-widget elementor-widget-wpforms\" data-id=\"67b5329\" data-element_type=\"widget\" data-widget_type=\"wpforms.default\">\n\t\t\t\t<div class=\"elementor-widget-container\">\n\t\t\t\t\t<style id=\"wpforms-css-vars-elementor-widget-67b5329\">\n\t\t\t\t.elementor-widget-wpforms.elementor-element-67b5329 {\n\t\t\t\t--wpforms-field-border-radius: 30px;\n--wpforms-button-background-color: #FF6A13;\n--wpforms-button-border-radius: 30px;\n--wpforms-field-size-input-height: 43px;\n--wpforms-field-size-input-spacing: 15px;\n--wpforms-field-size-font-size: 16px;\n--wpforms-field-size-line-height: 19px;\n--wpforms-field-size-padding-h: 14px;\n--wpforms-field-size-checkbox-size: 16px;\n--wpforms-field-size-sublabel-spacing: 5px;\n--wpforms-field-size-icon-size: 1;\n--wpforms-label-size-font-size: 18px;\n--wpforms-label-size-line-height: 21px;\n--wpforms-label-size-sublabel-font-size: 16px;\n--wpforms-label-size-sublabel-line-height: 19px;\n--wpforms-button-size-font-size: 17px;\n--wpforms-button-size-height: 41px;\n--wpforms-button-size-padding-h: 15px;\n--wpforms-button-size-margin-top: 10px;\n\n\t\t\t}\n\t\t\t<\/style><div class=\"wpforms-container wpforms-container-full wpforms-stripe wpforms-render-modern\" id=\"wpforms-21584\"><form id=\"wpforms-form-21584\" class=\"wpforms-validate wpforms-form wpforms-ajax-form\" data-formid=\"21584\" method=\"post\" enctype=\"multipart\/form-data\" action=\"\/en\/wp-json\/wp\/v2\/pages\/21525\" data-token=\"66c7145dc6b7afac27adb7bc8b776829\" data-token-time=\"1777708739\"><noscript class=\"wpforms-error-noscript\">Please enable JavaScript in your browser to complete this form.<\/noscript><div class=\"wpforms-hidden\" id=\"wpforms-error-noscript\">Please enable JavaScript in your browser to complete this form.<\/div><div class=\"wpforms-field-container\"><div id=\"wpforms-21584-field_1-container\" class=\"wpforms-field wpforms-field-name\" data-field-id=\"1\"><fieldset><legend class=\"wpforms-field-label\">Nom et pr\u00e9nom <span class=\"wpforms-required-label\" aria-hidden=\"true\">*<\/span><\/legend><div class=\"wpforms-field-row wpforms-field-large\"><div class=\"wpforms-field-row-block wpforms-first wpforms-one-half\"><input type=\"text\" id=\"wpforms-21584-field_1\" class=\"wpforms-field-name-first wpforms-field-required\" name=\"wpforms[fields][1][first]\" aria-errormessage=\"wpforms-21584-field_1-error\" required><label for=\"wpforms-21584-field_1\" class=\"wpforms-field-sublabel after\">First<\/label><\/div><div class=\"wpforms-field-row-block wpforms-one-half\"><input type=\"text\" id=\"wpforms-21584-field_1-last\" class=\"wpforms-field-name-last wpforms-field-required\" name=\"wpforms[fields][1][last]\" aria-errormessage=\"wpforms-21584-field_1-last-error\" required><label for=\"wpforms-21584-field_1-last\" class=\"wpforms-field-sublabel after\">Last<\/label><\/div><\/div><\/fieldset><\/div><div id=\"wpforms-21584-field_3-container\" class=\"wpforms-field wpforms-field-phone\" data-field-id=\"3\"><label class=\"wpforms-field-label\" for=\"wpforms-21584-field_3\">T\u00e9l\u00e9phone <span class=\"wpforms-required-label\" aria-hidden=\"true\">*<\/span><\/label><input type=\"tel\" id=\"wpforms-21584-field_3\" class=\"wpforms-field-medium wpforms-field-required wpforms-smart-phone-field\" data-rule-smart-phone-field=\"true\" name=\"wpforms[fields][3]\" aria-label=\"T\u00e9l\u00e9phone\" aria-errormessage=\"wpforms-21584-field_3-error\" required><\/div><div id=\"wpforms-21584-field_9-container\" class=\"wpforms-field wpforms-field-payment-multiple\" data-field-id=\"9\"><fieldset><legend class=\"wpforms-field-label\">Localisation <span class=\"wpforms-required-label\" aria-hidden=\"true\">*<\/span><\/legend><ul id=\"wpforms-21584-field_9\" class=\"wpforms-field-required\"><li class=\"choice-1\"><input type=\"radio\" id=\"wpforms-21584-field_9_1\" class=\"wpforms-payment-price\" data-amount=\"21.97\" name=\"wpforms[fields][9]\" value=\"1\" aria-errormessage=\"wpforms-21584-field_9_1-error\" required ><label class=\"wpforms-field-label-inline\" for=\"wpforms-21584-field_9_1\">Canada - <span class=\"wpforms-currency-symbol\">&#036;21.97<\/span><\/label><\/li><li class=\"choice-2\"><input type=\"radio\" id=\"wpforms-21584-field_9_2\" class=\"wpforms-payment-price\" data-amount=\"21.97\" name=\"wpforms[fields][9]\" value=\"2\" aria-errormessage=\"wpforms-21584-field_9_2-error\" required ><label class=\"wpforms-field-label-inline\" for=\"wpforms-21584-field_9_2\">Hors Canada - <span class=\"wpforms-currency-symbol\">&#036;21.97<\/span><\/label><\/li><\/ul><\/fieldset><\/div><div id=\"wpforms-21584-field_10-container\" class=\"wpforms-field wpforms-field-select wpforms-field-select-style-classic\" data-field-id=\"10\"><label class=\"wpforms-field-label\" for=\"wpforms-21584-field_10\">Quantit\u00e9 <span class=\"wpforms-required-label\" aria-hidden=\"true\">*<\/span><\/label><select id=\"wpforms-21584-field_10\" class=\"wpforms-field-medium wpforms-field-required\" name=\"wpforms[fields][10]\" required=\"required\"><option value=\"1\" >1<\/option><option value=\"2\" >2<\/option><option value=\"3\" >3<\/option><option value=\"4\" >4<\/option><option value=\"5\" >5<\/option><option value=\"6\" >6<\/option><option value=\"7\" >7<\/option><option value=\"8\" >8<\/option><option value=\"9\" >9<\/option><option value=\"10\" >10<\/option><option value=\"11\" >11<\/option><option value=\"12\" >12<\/option><option value=\"13\" >13<\/option><option value=\"14\" >14<\/option><option value=\"15\" >15<\/option><option value=\"16\" >16<\/option><option value=\"17\" >17<\/option><option value=\"18\" >18<\/option><option value=\"19\" >19<\/option><option value=\"20\" >20<\/option><\/select><\/div><div id=\"wpforms-21584-field_4-container\" class=\"wpforms-field wpforms-field-stripe-credit-card\" data-field-id=\"4\"><label class=\"wpforms-field-label\">Carte bancaire Stripe <span class=\"wpforms-required-label\" aria-hidden=\"true\">*<\/span><\/label><div class=\"wpforms-field-row wpforms-no-columns wpforms-field-large \" data-sublabel-position=\"above\" data-link-email=\"\" data-required=\"1\"><div id=\"wpforms-field-stripe-link-element-21584\"><\/div><div id=\"wpforms-field-stripe-payment-element-21584\"><\/div><input type=\"text\" class=\"wpforms-stripe-credit-card-hidden-input\" name=\"wpforms[stripe-credit-card-hidden-input-21584]\" disabled style=\"display: none;\"><\/div><\/div><\/div><!-- .wpforms-field-container --><div class=\"wpforms-recaptcha-container wpforms-is-hcaptcha\" ><div class=\"g-recaptcha\" data-sitekey=\"84d0d38e-aeb8-4a44-90f0-69622ed8a224\"><\/div><input type=\"text\" name=\"g-recaptcha-hidden\" class=\"wpforms-recaptcha-hidden\" style=\"position:absolute!important;clip:rect(0,0,0,0)!important;height:1px!important;width:1px!important;border:0!important;overflow:hidden!important;padding:0!important;margin:0!important;\" data-rule-hcaptcha=\"1\"><\/div><div class=\"wpforms-submit-container\" ><input type=\"hidden\" name=\"wpforms[id]\" value=\"21584\"><input type=\"hidden\" name=\"page_title\" value=\"\"><input type=\"hidden\" name=\"page_url\" value=\"https:\/\/toudeh-insight.com\/en\/wp-json\/wp\/v2\/pages\/21525\"><input type=\"hidden\" name=\"url_referer\" value=\"\"><button type=\"submit\" name=\"wpforms[submit]\" id=\"wpforms-submit-21584\" class=\"wpforms-submit\" data-alt-text=\"Paiement...\" data-submit-text=\"Commander maintenant :)\" aria-live=\"assertive\" value=\"wpforms-submit\">Commander maintenant \ud83d\ude42<\/button><img decoding=\"async\" src=\"https:\/\/toudeh-insight.com\/wp-content\/plugins\/wpforms\/assets\/images\/submit-spin.svg\" class=\"wpforms-submit-spinner\" style=\"display: none;\" width=\"26\" height=\"26\" alt=\"Loading\"><\/div><\/form><\/div>  <!-- .wpforms-container -->\t\t\t\t<\/div>\n\t\t\t\t<\/div>\n\t\t\t\t<\/div>\n\t\t<div class=\"elementor-element elementor-element-dad88a5 e-con-full e-flex sc_layouts_column_icons_position_left e-con e-child\" data-id=\"dad88a5\" data-element_type=\"container\">\n\t\t\t\t<div class=\"elementor-element elementor-element-3c3311d elementor-widget__width-initial elementor-widget-mobile__width-inherit sc_fly_static elementor-widget elementor-widget-text-editor\" data-id=\"3c3311d\" data-element_type=\"widget\" data-widget_type=\"text-editor.default\">\n\t\t\t\t<div class=\"elementor-widget-container\">\n\t\t\t\t\t\t\t\t\t<p>Prix et conditions de livraison<\/p><ul><li>Prix public : <strong>28,97 $ CAD+ taxes<\/strong><\/li><li>Prix de pr\u00e9vente : <strong>21,97 $+ taxes CAD<\/strong> (offre exclusive valable jusqu\u2019au 13 avril 2025)<\/li><\/ul><p><strong>Frais de livraison (Canada seulement) :<\/strong><\/p><ul><li>Tarif fixe : 9,00 $ CAD par commande.<\/li><li>Livraison gratuite : pour toute commande de 50 $ CAD et plus.<\/li><li>Les envois d\u00e9buteront \u00e0 partir du 20 avril 2025<\/li><li>Livraison standard : 3 \u00e0 7 jours ouvrables (selon votre localisation)<\/li><\/ul><p><strong>Note<\/strong> : Pour les commandes internationales (hors Canada), merci de nous \u00e9crire \u00e0 info@toudeh.com afin de conna\u00eetre les options\u00a0disponibles.<\/p>\t\t\t\t\t\t\t\t<\/div>\n\t\t\t\t<\/div>\n\t\t\t\t<\/div>\n\t\t\t\t<\/div>\n\t\t\t\t\t<\/div>\n\t\t\t\t<\/div>\n\t\t\t\t<\/div>\n\t\t","protected":false},"excerpt":{"rendered":"<p>Votre Argent, votre Temps, votre H\u00e9ritage Veuillez activer JavaScript dans votre navigateur pour remplir ce formulaire.Veuillez activer JavaScript dans votre navigateur pour remplir ce formulaire. Nom et pr\u00e9nom * Pr\u00e9nomNom&hellip;<\/p>","protected":false},"author":1,"featured_media":0,"parent":0,"menu_order":0,"comment_status":"closed","ping_status":"closed","template":"","meta":{"footnotes":""},"class_list":["post-21525","page","type-page","status-publish","hentry"],"jetpack_sharing_enabled":true,"_links":{"self":[{"href":"https:\/\/toudeh-insight.com\/en\/wp-json\/wp\/v2\/pages\/21525","targetHints":{"allow":["GET"]}}],"collection":[{"href":"https:\/\/toudeh-insight.com\/en\/wp-json\/wp\/v2\/pages"}],"about":[{"href":"https:\/\/toudeh-insight.com\/en\/wp-json\/wp\/v2\/types\/page"}],"author":[{"embeddable":true,"href":"https:\/\/toudeh-insight.com\/en\/wp-json\/wp\/v2\/users\/1"}],"replies":[{"embeddable":true,"href":"https:\/\/toudeh-insight.com\/en\/wp-json\/wp\/v2\/comments?post=21525"}],"version-history":[{"count":47,"href":"https:\/\/toudeh-insight.com\/en\/wp-json\/wp\/v2\/pages\/21525\/revisions"}],"predecessor-version":[{"id":21644,"href":"https:\/\/toudeh-insight.com\/en\/wp-json\/wp\/v2\/pages\/21525\/revisions\/21644"}],"wp:attachment":[{"href":"https:\/\/toudeh-insight.com\/en\/wp-json\/wp\/v2\/media?parent=21525"}],"curies":[{"name":"wp","href":"https:\/\/api.w.org\/{rel}","templated":true}]}}