{"id":18814,"date":"2021-06-17T05:36:16","date_gmt":"2021-06-17T05:36:16","guid":{"rendered":"https:\/\/toudeh-insight.com\/?page_id=18814"},"modified":"2026-04-01T22:36:35","modified_gmt":"2026-04-01T22:36:35","slug":"podcast","status":"publish","type":"page","link":"https:\/\/toudeh-insight.com\/en\/podcast\/","title":{"rendered":"Podcast"},"content":{"rendered":"<div data-elementor-type=\"wp-page\" data-elementor-id=\"18814\" class=\"elementor elementor-18814\" data-elementor-post-type=\"page\">\n\t\t\t\t<div class=\"e-con-gap-no elementor-element elementor-element-5facf54 e-con-full sc_inner_width_1_1 e-flex sc_layouts_column_icons_position_left e-con e-parent\" data-id=\"5facf54\" data-element_type=\"container\" data-settings=\"{&quot;background_background&quot;:&quot;classic&quot;}\">\n\t\t<div class=\"elementor-element elementor-element-41a255a e-con-full e-flex sc_layouts_column_icons_position_left e-con e-child\" data-id=\"41a255a\" data-element_type=\"container\">\n\t\t\t\t<div class=\"elementor-element elementor-element-630d627 sc_fly_static elementor-widget elementor-widget-trx_sc_title\" data-id=\"630d627\" data-element_type=\"widget\" data-widget_type=\"trx_sc_title.default\">\n\t\t\t\t<div class=\"elementor-widget-container\">\n\t\t\t\t\t<div\t\tclass=\"sc_title sc_title_accent\" ><h1 class=\"sc_item_title sc_title_title sc_align_center sc_item_title_style_accent sc_item_title_tag\"\n\t\t\t><span class=\"sc_item_title_text\">Podcast<\/span><\/h1><\/div>\t\t\t\t<\/div>\n\t\t\t\t<\/div>\n\t\t\t\t<div class=\"elementor-element elementor-element-51bcf0c sc_fly_static elementor-widget elementor-widget-text-editor\" data-id=\"51bcf0c\" data-element_type=\"widget\" data-widget_type=\"text-editor.default\">\n\t\t\t\t<div class=\"elementor-widget-container\">\n\t\t\t\t\t\t\t\t\t<p><span style=\"font-weight: 400;\">Le Toudeh talkshow\u00a0: des conversations profondes avec des auteurs, entrepreneurs et experts pour nourrir votre intelligence financi\u00e8re et votre leadership.<\/span><\/p>\t\t\t\t\t\t\t\t<\/div>\n\t\t\t\t<\/div>\n\t\t\t\t<\/div>\n\t\t\t\t<\/div>\n\t\t<div class=\"elementor-element elementor-element-5a4f8f3 e-flex e-con-boxed sc_layouts_column_icons_position_left e-con e-parent\" data-id=\"5a4f8f3\" data-element_type=\"container\">\n\t\t\t\t\t<div class=\"e-con-inner\">\n\t\t\t\t<div class=\"elementor-element elementor-element-a182259 sc_fly_static elementor-widget elementor-widget-video\" data-id=\"a182259\" data-element_type=\"widget\" data-settings=\"{&quot;youtube_url&quot;:&quot;https:\\\/\\\/www.youtube.com\\\/watch?v=jgB2ejUXFTE&quot;,&quot;video_type&quot;:&quot;youtube&quot;,&quot;controls&quot;:&quot;yes&quot;}\" data-widget_type=\"video.default\">\n\t\t\t\t<div class=\"elementor-widget-container\">\n\t\t\t\t\t\t\t<div class=\"elementor-wrapper elementor-open-inline\">\n\t\t\t<div class=\"elementor-video\"><\/div>\t\t<\/div>\n\t\t\t\t\t\t<\/div>\n\t\t\t\t<\/div>\n\t\t\t\t\t<\/div>\n\t\t\t\t<\/div>\n\t\t<div class=\"elementor-element elementor-element-563a7cb e-con-full e-flex sc_layouts_column_icons_position_left e-con e-parent\" data-id=\"563a7cb\" data-element_type=\"container\">\n\t\t\t\t<div class=\"elementor-element elementor-element-4484ccc elementor-position-right elementor-vertical-align-middle elementor-view-default elementor-mobile-position-top sc_fly_static elementor-widget elementor-widget-icon-box\" data-id=\"4484ccc\" data-element_type=\"widget\" data-widget_type=\"icon-box.default\">\n\t\t\t\t<div class=\"elementor-widget-container\">\n\t\t\t\t\t\t\t<div class=\"elementor-icon-box-wrapper\">\n\n\t\t\t\t\t\t<div class=\"elementor-icon-box-icon\">\n\t\t\t\t<a href=\"https:\/\/www.youtube.com\/watch?v=jgB2ejUXFTE&#038;ab_channel=Toudeh-insight\" class=\"elementor-icon\" tabindex=\"-1\">\n\t\t\t\t<i aria-hidden=\"true\" class=\"fas fa-arrow-circle-right\"><\/i>\t\t\t\t<\/a>\n\t\t\t<\/div>\n\t\t\t\n\t\t\t\t\t\t<div class=\"elementor-icon-box-content\">\n\n\t\t\t\t\n\t\t\t\t\t\t\t\t\t<p class=\"elementor-icon-box-description\">\n\t\t\t\t\t\tEntrepreneuriat f\u00e9minin face aux d\u00e9fis \u00e9conomiques | Tarifs Trump, francophonie et solutions\t\t\t\t\t<\/p>\n\t\t\t\t\n\t\t\t<\/div>\n\t\t\t\n\t\t<\/div>\n\t\t\t\t\t\t<\/div>\n\t\t\t\t<\/div>\n\t\t\t\t<div class=\"elementor-element elementor-element-1805696 elementor-position-right elementor-vertical-align-middle elementor-view-default elementor-mobile-position-top sc_fly_static elementor-widget elementor-widget-icon-box\" data-id=\"1805696\" data-element_type=\"widget\" data-widget_type=\"icon-box.default\">\n\t\t\t\t<div class=\"elementor-widget-container\">\n\t\t\t\t\t\t\t<div class=\"elementor-icon-box-wrapper\">\n\n\t\t\t\t\t\t<div class=\"elementor-icon-box-icon\">\n\t\t\t\t<a href=\"https:\/\/www.youtube.com\/watch?v=Cw0BUURlH2k\" class=\"elementor-icon\" tabindex=\"-1\">\n\t\t\t\t<i aria-hidden=\"true\" class=\"fas fa-arrow-circle-right\"><\/i>\t\t\t\t<\/a>\n\t\t\t<\/div>\n\t\t\t\n\t\t\t\t\t\t<div class=\"elementor-icon-box-content\">\n\n\t\t\t\t\n\t\t\t\t\t\t\t\t\t<p class=\"elementor-icon-box-description\">\n\t\t\t\t\t\tL'Impact des Taux d'Int\u00e9r\u00eat sur les Entreprises en D\u00e9marrage au Canada\n\t\t\t\t\t<\/p>\n\t\t\t\t\n\t\t\t<\/div>\n\t\t\t\n\t\t<\/div>\n\t\t\t\t\t\t<\/div>\n\t\t\t\t<\/div>\n\t\t\t\t<div class=\"elementor-element elementor-element-9b1f1c9 elementor-position-right elementor-vertical-align-middle elementor-view-default elementor-mobile-position-top sc_fly_static elementor-widget elementor-widget-icon-box\" data-id=\"9b1f1c9\" data-element_type=\"widget\" data-widget_type=\"icon-box.default\">\n\t\t\t\t<div class=\"elementor-widget-container\">\n\t\t\t\t\t\t\t<div class=\"elementor-icon-box-wrapper\">\n\n\t\t\t\t\t\t<div class=\"elementor-icon-box-icon\">\n\t\t\t\t<a href=\"https:\/\/www.youtube.com\/watch?v=rMQffQNUtc4\" class=\"elementor-icon\" tabindex=\"-1\">\n\t\t\t\t<i aria-hidden=\"true\" class=\"fas fa-arrow-circle-right\"><\/i>\t\t\t\t<\/a>\n\t\t\t<\/div>\n\t\t\t\n\t\t\t\t\t\t<div class=\"elementor-icon-box-content\">\n\n\t\t\t\t\n\t\t\t\t\t\t\t\t\t<p class=\"elementor-icon-box-description\">\n\t\t\t\t\t\tTaxes, Douanes et Logistique : Comment les PME s\u2019adaptent en 2025\t\t\t\t\t<\/p>\n\t\t\t\t\n\t\t\t<\/div>\n\t\t\t\n\t\t<\/div>\n\t\t\t\t\t\t<\/div>\n\t\t\t\t<\/div>\n\t\t\t\t<div class=\"elementor-element elementor-element-d0baa66 elementor-position-right elementor-vertical-align-middle elementor-view-default elementor-mobile-position-top sc_fly_static elementor-widget elementor-widget-icon-box\" data-id=\"d0baa66\" data-element_type=\"widget\" data-widget_type=\"icon-box.default\">\n\t\t\t\t<div class=\"elementor-widget-container\">\n\t\t\t\t\t\t\t<div class=\"elementor-icon-box-wrapper\">\n\n\t\t\t\t\t\t<div class=\"elementor-icon-box-icon\">\n\t\t\t\t<a href=\"https:\/\/www.youtube.com\/watch?v=lC3lDRsnf0g\" class=\"elementor-icon\" tabindex=\"-1\">\n\t\t\t\t<i aria-hidden=\"true\" class=\"fas fa-arrow-circle-right\"><\/i>\t\t\t\t<\/a>\n\t\t\t<\/div>\n\t\t\t\n\t\t\t\t\t\t<div class=\"elementor-icon-box-content\">\n\n\t\t\t\t\n\t\t\t\t\t\t\t\t\t<p class=\"elementor-icon-box-description\">\n\t\t\t\t\t\tTensions \u00e9conomiques : Quel avenir pour les entrepreneurs sociaux et \u00e9tudiants internationaux ?\t\t\t\t\t<\/p>\n\t\t\t\t\n\t\t\t<\/div>\n\t\t\t\n\t\t<\/div>\n\t\t\t\t\t\t<\/div>\n\t\t\t\t<\/div>\n\t\t\t\t<\/div>\n\t\t\t\t<\/div>","protected":false},"excerpt":{"rendered":"<p>Podcast Le Toudeh talkshow\u00a0: des conversations profondes avec des auteurs, entrepreneurs et experts pour nourrir votre intelligence financi\u00e8re et votre leadership. https:\/\/www.youtube.com\/watch?v=jgB2ejUXFTE Entrepreneuriat f\u00e9minin face aux d\u00e9fis \u00e9conomiques | Tarifs&hellip;<\/p>","protected":false},"author":1,"featured_media":0,"parent":0,"menu_order":0,"comment_status":"closed","ping_status":"closed","template":"","meta":{"footnotes":""},"class_list":["post-18814","page","type-page","status-publish","hentry"],"jetpack_sharing_enabled":true,"_links":{"self":[{"href":"https:\/\/toudeh-insight.com\/en\/wp-json\/wp\/v2\/pages\/18814","targetHints":{"allow":["GET"]}}],"collection":[{"href":"https:\/\/toudeh-insight.com\/en\/wp-json\/wp\/v2\/pages"}],"about":[{"href":"https:\/\/toudeh-insight.com\/en\/wp-json\/wp\/v2\/types\/page"}],"author":[{"embeddable":true,"href":"https:\/\/toudeh-insight.com\/en\/wp-json\/wp\/v2\/users\/1"}],"replies":[{"embeddable":true,"href":"https:\/\/toudeh-insight.com\/en\/wp-json\/wp\/v2\/comments?post=18814"}],"version-history":[{"count":73,"href":"https:\/\/toudeh-insight.com\/en\/wp-json\/wp\/v2\/pages\/18814\/revisions"}],"predecessor-version":[{"id":21860,"href":"https:\/\/toudeh-insight.com\/en\/wp-json\/wp\/v2\/pages\/18814\/revisions\/21860"}],"wp:attachment":[{"href":"https:\/\/toudeh-insight.com\/en\/wp-json\/wp\/v2\/media?parent=18814"}],"curies":[{"name":"wp","href":"https:\/\/api.w.org\/{rel}","templated":true}]}}